{"id":1107,"date":"2023-02-10T15:48:59","date_gmt":"2023-02-10T15:48:59","guid":{"rendered":"https:\/\/iratibarnean.com\/entorno-y-actividades-selva-de-irati-navarra-2\/"},"modified":"2025-05-21T12:57:44","modified_gmt":"2025-05-21T12:57:44","slug":"offrez-une-excursion-dans-la-foret-dirati-a-irati-barnean","status":"publish","type":"page","link":"https:\/\/iratibarnean.com\/fr\/offrez-une-excursion-dans-la-foret-dirati-a-irati-barnean\/","title":{"rendered":"Offrez une excursion dans la for\u00eat d&#8217;Irati \u00e0 Irati Barnean"},"content":{"rendered":"\t\t<div data-elementor-type=\"wp-page\" data-elementor-id=\"1107\" class=\"elementor elementor-1107\" data-elementor-post-type=\"page\">\n\t\t\t\t\t\t<section class=\"elementor-section elementor-top-section elementor-element elementor-element-a126344 elementor-section-height-min-height elementor-section-items-bottom elementor-section-boxed elementor-section-height-default\" data-id=\"a126344\" data-element_type=\"section\" data-e-type=\"section\" data-settings=\"{&quot;background_background&quot;:&quot;classic&quot;,&quot;background_motion_fx_motion_fx_scrolling&quot;:&quot;yes&quot;,&quot;background_motion_fx_devices&quot;:[&quot;desktop&quot;,&quot;laptop&quot;,&quot;tablet&quot;,&quot;mobile&quot;]}\">\n\t\t\t\t\t\t\t<div class=\"elementor-background-overlay\"><\/div>\n\t\t\t\t\t\t\t<div class=\"elementor-container elementor-column-gap-no\">\n\t\t\t\t\t<div class=\"elementor-column elementor-col-100 elementor-top-column elementor-element elementor-element-6fba6d6\" data-id=\"6fba6d6\" data-element_type=\"column\" data-e-type=\"column\" data-settings=\"{&quot;background_background&quot;:&quot;classic&quot;}\">\n\t\t\t<div class=\"elementor-widget-wrap elementor-element-populated\">\n\t\t\t\t\t\t<section class=\"elementor-section elementor-inner-section elementor-element elementor-element-ae318c2 elementor-section-content-bottom elementor-section-boxed elementor-section-height-default elementor-section-height-default\" data-id=\"ae318c2\" data-element_type=\"section\" data-e-type=\"section\" data-settings=\"{&quot;background_background&quot;:&quot;classic&quot;}\">\n\t\t\t\t\t\t<div class=\"elementor-container elementor-column-gap-no\">\n\t\t\t\t\t<div class=\"elementor-column elementor-col-100 elementor-inner-column elementor-element elementor-element-10c68ab\" data-id=\"10c68ab\" data-element_type=\"column\" data-e-type=\"column\">\n\t\t\t<div class=\"elementor-widget-wrap elementor-element-populated\">\n\t\t\t\t\t<div class=\"elementor-background-overlay\"><\/div>\n\t\t\t\t\t\t<div class=\"elementor-element elementor-element-f060f49 elementor-widget elementor-widget-heading\" data-id=\"f060f49\" data-element_type=\"widget\" data-e-type=\"widget\" data-widget_type=\"heading.default\">\n\t\t\t\t<div class=\"elementor-widget-container\">\n\t\t\t\t\t<h1 class=\"elementor-heading-title elementor-size-default\">Offrir Irati Barnean<\/h1>\t\t\t\t<\/div>\n\t\t\t\t<\/div>\n\t\t\t\t<div class=\"elementor-element elementor-element-0293e6d animated-slow elementor-invisible elementor-widget elementor-widget-heading\" data-id=\"0293e6d\" data-element_type=\"widget\" data-e-type=\"widget\" data-settings=\"{&quot;_animation&quot;:&quot;fadeIn&quot;}\" data-widget_type=\"heading.default\">\n\t\t\t\t<div class=\"elementor-widget-container\">\n\t\t\t\t\t<h4 class=\"elementor-heading-title elementor-size-default\">H\u00e9bergement dans la for\u00eat d'Irati<\/h4>\t\t\t\t<\/div>\n\t\t\t\t<\/div>\n\t\t\t\t\t<\/div>\n\t\t<\/div>\n\t\t\t\t\t<\/div>\n\t\t<\/section>\n\t\t\t\t\t<\/div>\n\t\t<\/div>\n\t\t\t\t\t<\/div>\n\t\t<\/section>\n\t\t\t\t<section class=\"elementor-section elementor-top-section elementor-element elementor-element-d391894 elementor-section-height-min-height elementor-section-items-stretch elementor-section-boxed elementor-section-height-default\" data-id=\"d391894\" data-element_type=\"section\" data-e-type=\"section\">\n\t\t\t\t\t\t<div class=\"elementor-container elementor-column-gap-no\">\n\t\t\t\t\t<div class=\"elementor-column elementor-col-100 elementor-top-column elementor-element elementor-element-efc1b24\" data-id=\"efc1b24\" data-element_type=\"column\" data-e-type=\"column\" data-settings=\"{&quot;background_background&quot;:&quot;classic&quot;}\">\n\t\t\t<div class=\"elementor-widget-wrap elementor-element-populated\">\n\t\t\t\t\t\t<section class=\"elementor-section elementor-inner-section elementor-element elementor-element-7ecd41c elementor-section-content-middle elementor-section-boxed elementor-section-height-default elementor-section-height-default\" data-id=\"7ecd41c\" data-element_type=\"section\" data-e-type=\"section\">\n\t\t\t\t\t\t<div class=\"elementor-container elementor-column-gap-no\">\n\t\t\t\t\t<div class=\"elementor-column elementor-col-50 elementor-inner-column elementor-element elementor-element-700fed2\" data-id=\"700fed2\" data-element_type=\"column\" data-e-type=\"column\">\n\t\t\t<div class=\"elementor-widget-wrap elementor-element-populated\">\n\t\t\t\t\t\t<div class=\"elementor-element elementor-element-d47e6cf elementor--h-position-center elementor--v-position-middle elementor-arrows-position-inside elementor-pagination-position-inside elementor-widget elementor-widget-slides\" data-id=\"d47e6cf\" data-element_type=\"widget\" data-e-type=\"widget\" data-settings=\"{&quot;navigation&quot;:&quot;both&quot;,&quot;autoplay&quot;:&quot;yes&quot;,&quot;pause_on_hover&quot;:&quot;yes&quot;,&quot;pause_on_interaction&quot;:&quot;yes&quot;,&quot;autoplay_speed&quot;:5000,&quot;infinite&quot;:&quot;yes&quot;,&quot;transition&quot;:&quot;slide&quot;,&quot;transition_speed&quot;:500}\" data-widget_type=\"slides.default\">\n\t\t\t\t<div class=\"elementor-widget-container\">\n\t\t\t\t\t\t\t\t\t<div class=\"elementor-swiper\">\n\t\t\t\t\t<div class=\"elementor-slides-wrapper elementor-main-swiper swiper\" role=\"region\" aria-roledescription=\"carousel\" aria-label=\"Diapositivas\" dir=\"ltr\" data-animation=\"fadeInUp\">\n\t\t\t\t<div class=\"swiper-wrapper elementor-slides\">\n\t\t\t\t\t\t\t\t\t\t<div class=\"elementor-repeater-item-c7715bf swiper-slide\" role=\"group\" aria-roledescription=\"slide\"><div class=\"swiper-slide-bg\" role=\"img\" aria-label=\"Vinos Bodega Otazu\"><\/div><div class=\"swiper-slide-inner\" ><div class=\"swiper-slide-contents\"><\/div><\/div><\/div><div class=\"elementor-repeater-item-bb3b8e9 swiper-slide\" role=\"group\" aria-roledescription=\"slide\"><div class=\"swiper-slide-bg\" role=\"img\" aria-label=\"Cena regala Irati\"><\/div><div class=\"swiper-slide-inner\" ><div class=\"swiper-slide-contents\"><\/div><\/div><\/div><div class=\"elementor-repeater-item-ec4431a swiper-slide\" role=\"group\" aria-roledescription=\"slide\"><div class=\"swiper-slide-bg\" role=\"img\" aria-label=\"Pareja en igl\u00fa de la selva de Irati\"><\/div><div class=\"swiper-slide-inner\" ><div class=\"swiper-slide-contents\"><\/div><\/div><\/div>\t\t\t\t<\/div>\n\t\t\t\t\t\t\t\t\t\t\t\t\t\t\t<div class=\"elementor-swiper-button elementor-swiper-button-prev\" role=\"button\" tabindex=\"0\" aria-label=\"Diapositiva anterior\">\n\t\t\t\t\t\t\t<svg aria-hidden=\"true\" class=\"e-font-icon-svg e-eicon-chevron-left\" viewBox=\"0 0 1000 1000\" xmlns=\"http:\/\/www.w3.org\/2000\/svg\"><path d=\"M646 125C629 125 613 133 604 142L308 442C296 454 292 471 292 487 292 504 296 521 308 533L604 854C617 867 629 875 646 875 663 875 679 871 692 858 704 846 713 829 713 812 713 796 708 779 692 767L438 487 692 225C700 217 708 204 708 187 708 171 704 154 692 142 675 129 663 125 646 125Z\"><\/path><\/svg>\t\t\t\t\t\t<\/div>\n\t\t\t\t\t\t<div class=\"elementor-swiper-button elementor-swiper-button-next\" role=\"button\" tabindex=\"0\" aria-label=\"Diapositiva siguiente\">\n\t\t\t\t\t\t\t<svg aria-hidden=\"true\" class=\"e-font-icon-svg e-eicon-chevron-right\" viewBox=\"0 0 1000 1000\" xmlns=\"http:\/\/www.w3.org\/2000\/svg\"><path d=\"M696 533C708 521 713 504 713 487 713 471 708 454 696 446L400 146C388 133 375 125 354 125 338 125 325 129 313 142 300 154 292 171 292 187 292 204 296 221 308 233L563 492 304 771C292 783 288 800 288 817 288 833 296 850 308 863 321 871 338 875 354 875 371 875 388 867 400 854L696 533Z\"><\/path><\/svg>\t\t\t\t\t\t<\/div>\n\t\t\t\t\t\t\t\t\t\t\t\t\t\t\t\t<div class=\"swiper-pagination\"><\/div>\n\t\t\t\t\t\t\t\t\t\t\t\t<\/div>\n\t\t\t\t<\/div>\n\t\t\t\t\t\t\t\t<\/div>\n\t\t\t\t<\/div>\n\t\t\t\t\t<\/div>\n\t\t<\/div>\n\t\t\t\t<div class=\"elementor-column elementor-col-50 elementor-inner-column elementor-element elementor-element-10c8ffa\" data-id=\"10c8ffa\" data-element_type=\"column\" data-e-type=\"column\">\n\t\t\t<div class=\"elementor-widget-wrap elementor-element-populated\">\n\t\t\t\t\t\t<div class=\"elementor-element elementor-element-a00715b animated-slow elementor-invisible elementor-widget elementor-widget-heading\" data-id=\"a00715b\" data-element_type=\"widget\" data-e-type=\"widget\" data-settings=\"{&quot;_animation&quot;:&quot;fadeIn&quot;}\" data-widget_type=\"heading.default\">\n\t\t\t\t<div class=\"elementor-widget-container\">\n\t\t\t\t\t<h3 class=\"elementor-heading-title elementor-size-default\">Vous souhaitez offrir un cadeau \u00e0 l'un de vos proches ?<\/h3>\t\t\t\t<\/div>\n\t\t\t\t<\/div>\n\t\t\t\t<div class=\"elementor-element elementor-element-beeda31 animated-slow elementor-invisible elementor-widget elementor-widget-heading\" data-id=\"beeda31\" data-element_type=\"widget\" data-e-type=\"widget\" data-settings=\"{&quot;_animation&quot;:&quot;fadeIn&quot;}\" data-widget_type=\"heading.default\">\n\t\t\t\t<div class=\"elementor-widget-container\">\n\t\t\t\t\t<h4 class=\"elementor-heading-title elementor-size-default\">Le pack parfait pour en profiter<\/h4>\t\t\t\t<\/div>\n\t\t\t\t<\/div>\n\t\t\t\t<div class=\"elementor-element elementor-element-c94a60a elementor-widget elementor-widget-text-editor\" data-id=\"c94a60a\" data-element_type=\"widget\" data-e-type=\"widget\" data-widget_type=\"text-editor.default\">\n\t\t\t\t<div class=\"elementor-widget-container\">\n\t\t\t\t\t\t\t\t\t<div class=\"elementor-element elementor-element-8f2cdf7 textos elementor-widget elementor-widget-text-editor\" data-id=\"8f2cdf7\" data-element_type=\"widget\" data-widget_type=\"text-editor.default\"><div class=\"elementor-widget-container\"><div class=\"elementor-text-editor elementor-clearfix\"><div class=\"elementor-element elementor-element-e401125 textos elementor-widget elementor-widget-text-editor\" data-id=\"e401125\" data-element_type=\"widget\" data-widget_type=\"text-editor.default\"><div class=\"elementor-widget-container\"><div class=\"elementor-text-editor elementor-clearfix\"><div class=\"elementor-element elementor-element-6fa5125 textos elementor-widget elementor-widget-text-editor\" data-id=\"6fa5125\" data-element_type=\"widget\" data-widget_type=\"text-editor.default\"><div class=\"elementor-widget-container\"><div class=\"elementor-text-editor elementor-clearfix\"><p>Une nuit pour deux personnes dans l&#8217;une de nos suites, incluant un pack de \u00ab\u00a0D\u00e9gustation de produits locaux\u00a0\u00bb\u00a0: des mets \u00e0 savourer en se d\u00e9lectant d&#8217;un bon vin et en profitant d\u2019une vue incroyable.<\/p><\/div><\/div><\/div><\/div><\/div><\/div><\/div><\/div><\/div>\t\t\t\t\t\t\t\t<\/div>\n\t\t\t\t<\/div>\n\t\t\t\t<div class=\"elementor-element elementor-element-055eedf elementor-mobile-align-left elementor-widget elementor-widget-button\" data-id=\"055eedf\" data-element_type=\"widget\" data-e-type=\"widget\" data-widget_type=\"button.default\">\n\t\t\t\t<div class=\"elementor-widget-container\">\n\t\t\t\t\t\t\t\t\t<div class=\"elementor-button-wrapper\">\n\t\t\t\t\t<a class=\"elementor-button elementor-button-link elementor-size-sm\" href=\"https:\/\/shop.avirato.com\/index.php?code=70991314&#038;page=detalles&#038;id_extra=16&#038;lang=fr&#038;cat=46\">\n\t\t\t\t\t\t<span class=\"elementor-button-content-wrapper\">\n\t\t\t\t\t\t<span class=\"elementor-button-icon\">\n\t\t\t\t<svg aria-hidden=\"true\" class=\"e-font-icon-svg e-fas-long-arrow-alt-right\" viewBox=\"0 0 448 512\" xmlns=\"http:\/\/www.w3.org\/2000\/svg\"><path d=\"M313.941 216H12c-6.627 0-12 5.373-12 12v56c0 6.627 5.373 12 12 12h301.941v46.059c0 21.382 25.851 32.09 40.971 16.971l86.059-86.059c9.373-9.373 9.373-24.569 0-33.941l-86.059-86.059c-15.119-15.119-40.971-4.411-40.971 16.971V216z\"><\/path><\/svg>\t\t\t<\/span>\n\t\t\t\t\t\t\t\t\t<span class=\"elementor-button-text\">ACHETER LE BONUS<\/span>\n\t\t\t\t\t<\/span>\n\t\t\t\t\t<\/a>\n\t\t\t\t<\/div>\n\t\t\t\t\t\t\t\t<\/div>\n\t\t\t\t<\/div>\n\t\t\t\t\t<\/div>\n\t\t<\/div>\n\t\t\t\t\t<\/div>\n\t\t<\/section>\n\t\t\t\t\t<\/div>\n\t\t<\/div>\n\t\t\t\t\t<\/div>\n\t\t<\/section>\n\t\t\t\t<\/div>\n\t\t","protected":false},"excerpt":{"rendered":"<p>Offrir Irati Barnean H\u00e9bergement dans la for\u00eat d&#8217;Irati Diapositiva anterior Diapositiva siguiente Vous souhaitez offrir un cadeau \u00e0 l&#8217;un de vos proches ? Le pack parfait pour en profiter Une nuit pour deux personnes dans l&#8217;une de nos suites, incluant un pack de \u00ab\u00a0D\u00e9gustation de produits locaux\u00a0\u00bb\u00a0: des mets \u00e0 savourer en se d\u00e9lectant d&#8217;un [&hellip;]<\/p>\n","protected":false},"author":1,"featured_media":0,"parent":0,"menu_order":0,"comment_status":"closed","ping_status":"closed","template":"elementor_header_footer","meta":{"_acf_changed":false,"_joinchat":[],"footnotes":""},"class_list":["post-1107","page","type-page","status-publish","hentry"],"acf":[],"yoast_head":"<!-- This site is optimized with the Yoast SEO plugin v27.4 - https:\/\/yoast.com\/product\/yoast-seo-wordpress\/ -->\n<title>Offrez une excursion dans la for\u00eat d&#039;Irati \u00e0 Irati Barnean<\/title>\n<meta name=\"description\" content=\"Une exp\u00e9rience unique au c\u0153ur de la for\u00eat d&#039;Irati. Surprenez vos proches avec un cadeau original \u00e0 Irati Barnean, demandez-nous !\" \/>\n<meta name=\"robots\" content=\"index, follow, max-snippet:-1, max-image-preview:large, max-video-preview:-1\" \/>\n<link rel=\"canonical\" href=\"https:\/\/iratibarnean.com\/fr\/offrez-une-excursion-dans-la-foret-dirati-a-irati-barnean\/\" \/>\n<meta property=\"og:locale\" content=\"es_ES\" \/>\n<meta property=\"og:type\" content=\"article\" \/>\n<meta property=\"og:title\" content=\"Offrez une excursion dans la for\u00eat d&#039;Irati \u00e0 Irati Barnean\" \/>\n<meta property=\"og:description\" content=\"Une exp\u00e9rience unique au c\u0153ur de la for\u00eat d&#039;Irati. Surprenez vos proches avec un cadeau original \u00e0 Irati Barnean, demandez-nous !\" \/>\n<meta property=\"og:url\" content=\"https:\/\/iratibarnean.com\/fr\/offrez-une-excursion-dans-la-foret-dirati-a-irati-barnean\/\" \/>\n<meta property=\"og:site_name\" content=\"Franc\u00e9s\" \/>\n<meta property=\"article:modified_time\" content=\"2025-05-21T12:57:44+00:00\" \/>\n<meta name=\"twitter:card\" content=\"summary_large_image\" \/>\n<meta name=\"twitter:label1\" content=\"Tiempo de lectura\" \/>\n\t<meta name=\"twitter:data1\" content=\"1 minuto\" \/>\n<script type=\"application\/ld+json\" class=\"yoast-schema-graph\">{\"@context\":\"https:\\\/\\\/schema.org\",\"@graph\":[{\"@type\":\"WebPage\",\"@id\":\"https:\\\/\\\/iratibarnean.com\\\/fr\\\/offrez-une-excursion-dans-la-foret-dirati-a-irati-barnean\\\/\",\"url\":\"https:\\\/\\\/iratibarnean.com\\\/fr\\\/offrez-une-excursion-dans-la-foret-dirati-a-irati-barnean\\\/\",\"name\":\"Offrez une excursion dans la for\u00eat d'Irati \u00e0 Irati Barnean\",\"isPartOf\":{\"@id\":\"https:\\\/\\\/iratibarnean.com\\\/fr\\\/#website\"},\"datePublished\":\"2023-02-10T15:48:59+00:00\",\"dateModified\":\"2025-05-21T12:57:44+00:00\",\"description\":\"Une exp\u00e9rience unique au c\u0153ur de la for\u00eat d'Irati. Surprenez vos proches avec un cadeau original \u00e0 Irati Barnean, demandez-nous !\",\"breadcrumb\":{\"@id\":\"https:\\\/\\\/iratibarnean.com\\\/fr\\\/offrez-une-excursion-dans-la-foret-dirati-a-irati-barnean\\\/#breadcrumb\"},\"inLanguage\":\"es\",\"potentialAction\":[{\"@type\":\"ReadAction\",\"target\":[\"https:\\\/\\\/iratibarnean.com\\\/fr\\\/offrez-une-excursion-dans-la-foret-dirati-a-irati-barnean\\\/\"]}]},{\"@type\":\"BreadcrumbList\",\"@id\":\"https:\\\/\\\/iratibarnean.com\\\/fr\\\/offrez-une-excursion-dans-la-foret-dirati-a-irati-barnean\\\/#breadcrumb\",\"itemListElement\":[{\"@type\":\"ListItem\",\"position\":1,\"name\":\"Portada\",\"item\":\"https:\\\/\\\/iratibarnean.com\\\/fr\\\/\"},{\"@type\":\"ListItem\",\"position\":2,\"name\":\"Offrez une excursion dans la for\u00eat d&#8217;Irati \u00e0 Irati Barnean\"}]},{\"@type\":\"WebSite\",\"@id\":\"https:\\\/\\\/iratibarnean.com\\\/fr\\\/#website\",\"url\":\"https:\\\/\\\/iratibarnean.com\\\/fr\\\/\",\"name\":\"Franc\u00e9s\",\"description\":\"Web Oficial - Mejor precio Garantizado\",\"publisher\":{\"@id\":\"https:\\\/\\\/iratibarnean.com\\\/fr\\\/#organization\"},\"potentialAction\":[{\"@type\":\"SearchAction\",\"target\":{\"@type\":\"EntryPoint\",\"urlTemplate\":\"https:\\\/\\\/iratibarnean.com\\\/fr\\\/?s={search_term_string}\"},\"query-input\":{\"@type\":\"PropertyValueSpecification\",\"valueRequired\":true,\"valueName\":\"search_term_string\"}}],\"inLanguage\":\"es\"},{\"@type\":\"Organization\",\"@id\":\"https:\\\/\\\/iratibarnean.com\\\/fr\\\/#organization\",\"name\":\"Franc\u00e9s\",\"url\":\"https:\\\/\\\/iratibarnean.com\\\/fr\\\/\",\"logo\":{\"@type\":\"ImageObject\",\"inLanguage\":\"es\",\"@id\":\"https:\\\/\\\/iratibarnean.com\\\/fr\\\/#\\\/schema\\\/logo\\\/image\\\/\",\"url\":\"https:\\\/\\\/iratibarnean.com\\\/fr\\\/wp-content\\\/uploads\\\/sites\\\/4\\\/cropped-logo_horizontal_iratibarnean_color.webp\",\"contentUrl\":\"https:\\\/\\\/iratibarnean.com\\\/fr\\\/wp-content\\\/uploads\\\/sites\\\/4\\\/cropped-logo_horizontal_iratibarnean_color.webp\",\"width\":800,\"height\":380,\"caption\":\"Franc\u00e9s\"},\"image\":{\"@id\":\"https:\\\/\\\/iratibarnean.com\\\/fr\\\/#\\\/schema\\\/logo\\\/image\\\/\"}}]}<\/script>\n<!-- \/ Yoast SEO plugin. -->","yoast_head_json":{"title":"Offrez une excursion dans la for\u00eat d'Irati \u00e0 Irati Barnean","description":"Une exp\u00e9rience unique au c\u0153ur de la for\u00eat d'Irati. Surprenez vos proches avec un cadeau original \u00e0 Irati Barnean, demandez-nous !","robots":{"index":"index","follow":"follow","max-snippet":"max-snippet:-1","max-image-preview":"max-image-preview:large","max-video-preview":"max-video-preview:-1"},"canonical":"https:\/\/iratibarnean.com\/fr\/offrez-une-excursion-dans-la-foret-dirati-a-irati-barnean\/","og_locale":"es_ES","og_type":"article","og_title":"Offrez une excursion dans la for\u00eat d'Irati \u00e0 Irati Barnean","og_description":"Une exp\u00e9rience unique au c\u0153ur de la for\u00eat d'Irati. Surprenez vos proches avec un cadeau original \u00e0 Irati Barnean, demandez-nous !","og_url":"https:\/\/iratibarnean.com\/fr\/offrez-une-excursion-dans-la-foret-dirati-a-irati-barnean\/","og_site_name":"Franc\u00e9s","article_modified_time":"2025-05-21T12:57:44+00:00","twitter_card":"summary_large_image","twitter_misc":{"Tiempo de lectura":"1 minuto"},"schema":{"@context":"https:\/\/schema.org","@graph":[{"@type":"WebPage","@id":"https:\/\/iratibarnean.com\/fr\/offrez-une-excursion-dans-la-foret-dirati-a-irati-barnean\/","url":"https:\/\/iratibarnean.com\/fr\/offrez-une-excursion-dans-la-foret-dirati-a-irati-barnean\/","name":"Offrez une excursion dans la for\u00eat d'Irati \u00e0 Irati Barnean","isPartOf":{"@id":"https:\/\/iratibarnean.com\/fr\/#website"},"datePublished":"2023-02-10T15:48:59+00:00","dateModified":"2025-05-21T12:57:44+00:00","description":"Une exp\u00e9rience unique au c\u0153ur de la for\u00eat d'Irati. Surprenez vos proches avec un cadeau original \u00e0 Irati Barnean, demandez-nous !","breadcrumb":{"@id":"https:\/\/iratibarnean.com\/fr\/offrez-une-excursion-dans-la-foret-dirati-a-irati-barnean\/#breadcrumb"},"inLanguage":"es","potentialAction":[{"@type":"ReadAction","target":["https:\/\/iratibarnean.com\/fr\/offrez-une-excursion-dans-la-foret-dirati-a-irati-barnean\/"]}]},{"@type":"BreadcrumbList","@id":"https:\/\/iratibarnean.com\/fr\/offrez-une-excursion-dans-la-foret-dirati-a-irati-barnean\/#breadcrumb","itemListElement":[{"@type":"ListItem","position":1,"name":"Portada","item":"https:\/\/iratibarnean.com\/fr\/"},{"@type":"ListItem","position":2,"name":"Offrez une excursion dans la for\u00eat d&#8217;Irati \u00e0 Irati Barnean"}]},{"@type":"WebSite","@id":"https:\/\/iratibarnean.com\/fr\/#website","url":"https:\/\/iratibarnean.com\/fr\/","name":"Franc\u00e9s","description":"Web Oficial - Mejor precio Garantizado","publisher":{"@id":"https:\/\/iratibarnean.com\/fr\/#organization"},"potentialAction":[{"@type":"SearchAction","target":{"@type":"EntryPoint","urlTemplate":"https:\/\/iratibarnean.com\/fr\/?s={search_term_string}"},"query-input":{"@type":"PropertyValueSpecification","valueRequired":true,"valueName":"search_term_string"}}],"inLanguage":"es"},{"@type":"Organization","@id":"https:\/\/iratibarnean.com\/fr\/#organization","name":"Franc\u00e9s","url":"https:\/\/iratibarnean.com\/fr\/","logo":{"@type":"ImageObject","inLanguage":"es","@id":"https:\/\/iratibarnean.com\/fr\/#\/schema\/logo\/image\/","url":"https:\/\/iratibarnean.com\/fr\/wp-content\/uploads\/sites\/4\/cropped-logo_horizontal_iratibarnean_color.webp","contentUrl":"https:\/\/iratibarnean.com\/fr\/wp-content\/uploads\/sites\/4\/cropped-logo_horizontal_iratibarnean_color.webp","width":800,"height":380,"caption":"Franc\u00e9s"},"image":{"@id":"https:\/\/iratibarnean.com\/fr\/#\/schema\/logo\/image\/"}}]}},"_links":{"self":[{"href":"https:\/\/iratibarnean.com\/fr\/wp-json\/wp\/v2\/pages\/1107","targetHints":{"allow":["GET"]}}],"collection":[{"href":"https:\/\/iratibarnean.com\/fr\/wp-json\/wp\/v2\/pages"}],"about":[{"href":"https:\/\/iratibarnean.com\/fr\/wp-json\/wp\/v2\/types\/page"}],"author":[{"embeddable":true,"href":"https:\/\/iratibarnean.com\/fr\/wp-json\/wp\/v2\/users\/1"}],"replies":[{"embeddable":true,"href":"https:\/\/iratibarnean.com\/fr\/wp-json\/wp\/v2\/comments?post=1107"}],"version-history":[{"count":7,"href":"https:\/\/iratibarnean.com\/fr\/wp-json\/wp\/v2\/pages\/1107\/revisions"}],"predecessor-version":[{"id":1637,"href":"https:\/\/iratibarnean.com\/fr\/wp-json\/wp\/v2\/pages\/1107\/revisions\/1637"}],"wp:attachment":[{"href":"https:\/\/iratibarnean.com\/fr\/wp-json\/wp\/v2\/media?parent=1107"}],"curies":[{"name":"wp","href":"https:\/\/api.w.org\/{rel}","templated":true}]}}