{"id":1364,"date":"2023-05-05T08:36:49","date_gmt":"2023-05-05T08:36:49","guid":{"rendered":"https:\/\/iratibarnean.com\/?page_id=1364"},"modified":"2025-05-21T12:57:34","modified_gmt":"2025-05-21T12:57:34","slug":"blog","status":"publish","type":"page","link":"https:\/\/iratibarnean.com\/en\/blog\/","title":{"rendered":"Blog"},"content":{"rendered":"\t\t<div data-elementor-type=\"wp-page\" data-elementor-id=\"1364\" class=\"elementor elementor-1364\" data-elementor-post-type=\"page\">\n\t\t\t\t\t\t<section class=\"elementor-section elementor-top-section elementor-element elementor-element-5004487 elementor-section-height-min-height elementor-section-boxed elementor-section-height-default elementor-section-items-middle\" data-id=\"5004487\" data-element_type=\"section\" data-e-type=\"section\" data-settings=\"{&quot;background_background&quot;:&quot;classic&quot;,&quot;background_motion_fx_motion_fx_scrolling&quot;:&quot;yes&quot;,&quot;background_motion_fx_translateY_effect&quot;:&quot;yes&quot;,&quot;background_motion_fx_translateY_direction&quot;:&quot;negative&quot;,&quot;background_motion_fx_translateY_speed&quot;:{&quot;unit&quot;:&quot;px&quot;,&quot;size&quot;:3,&quot;sizes&quot;:[]},&quot;background_motion_fx_translateY_affectedRange&quot;:{&quot;unit&quot;:&quot;%&quot;,&quot;size&quot;:&quot;&quot;,&quot;sizes&quot;:{&quot;start&quot;:0,&quot;end&quot;:100}},&quot;background_motion_fx_devices&quot;:[&quot;desktop&quot;,&quot;laptop&quot;,&quot;tablet&quot;,&quot;mobile&quot;]}\">\n\t\t\t\t\t\t\t<div class=\"elementor-background-overlay\"><\/div>\n\t\t\t\t\t\t\t<div class=\"elementor-container elementor-column-gap-no\">\n\t\t\t\t\t<div class=\"elementor-column elementor-col-100 elementor-top-column elementor-element elementor-element-7a2c284\" data-id=\"7a2c284\" data-element_type=\"column\" data-e-type=\"column\">\n\t\t\t<div class=\"elementor-widget-wrap elementor-element-populated\">\n\t\t\t\t\t\t<div class=\"elementor-element elementor-element-cfe32a9 elementor-widget elementor-widget-heading\" data-id=\"cfe32a9\" data-element_type=\"widget\" data-e-type=\"widget\" data-widget_type=\"heading.default\">\n\t\t\t\t<div class=\"elementor-widget-container\">\n\t\t\t\t\t<h1 class=\"elementor-heading-title elementor-size-default\">BLOG<\/h1>\t\t\t\t<\/div>\n\t\t\t\t<\/div>\n\t\t\t\t\t<\/div>\n\t\t<\/div>\n\t\t\t\t\t<\/div>\n\t\t<\/section>\n\t\t<div class=\"elementor-element elementor-element-1e93097 e-flex e-con-boxed e-con e-parent\" data-id=\"1e93097\" data-element_type=\"container\" data-e-type=\"container\">\n\t\t\t\t\t<div class=\"e-con-inner\">\n\t\t\t\t<div class=\"elementor-element elementor-element-8cd0a46 elementor-grid-4 elementor-grid-tablet-2 elementor-grid-mobile-1 elementor-posts--thumbnail-top elementor-widget elementor-widget-posts\" data-id=\"8cd0a46\" data-element_type=\"widget\" data-e-type=\"widget\" data-settings=\"{&quot;classic_columns&quot;:&quot;4&quot;,&quot;pagination_type&quot;:&quot;prev_next&quot;,&quot;classic_columns_tablet&quot;:&quot;2&quot;,&quot;classic_columns_mobile&quot;:&quot;1&quot;,&quot;classic_row_gap&quot;:{&quot;unit&quot;:&quot;px&quot;,&quot;size&quot;:35,&quot;sizes&quot;:[]},&quot;classic_row_gap_laptop&quot;:{&quot;unit&quot;:&quot;px&quot;,&quot;size&quot;:&quot;&quot;,&quot;sizes&quot;:[]},&quot;classic_row_gap_tablet&quot;:{&quot;unit&quot;:&quot;px&quot;,&quot;size&quot;:&quot;&quot;,&quot;sizes&quot;:[]},&quot;classic_row_gap_mobile&quot;:{&quot;unit&quot;:&quot;px&quot;,&quot;size&quot;:&quot;&quot;,&quot;sizes&quot;:[]}}\" data-widget_type=\"posts.classic\">\n\t\t\t\t<div class=\"elementor-widget-container\">\n\t\t\t\t\t\t\t<div class=\"elementor-posts-container elementor-posts elementor-posts--skin-classic elementor-grid\" role=\"list\">\n\t\t\t\t<article class=\"elementor-post elementor-grid-item post-1639 post type-post status-publish format-standard has-post-thumbnail hentry category-posts\" role=\"listitem\">\n\t\t\t\t<a class=\"elementor-post__thumbnail__link\" href=\"https:\/\/iratibarnean.com\/en\/irati-barnean-uno-de-los-mejores-destinos-para-nomadas-digitales\/\" tabindex=\"-1\" >\n\t\t\t<div class=\"elementor-post__thumbnail\"><img fetchpriority=\"high\" decoding=\"async\" width=\"1057\" height=\"937\" src=\"https:\/\/iratibarnean.com\/en\/wp-content\/uploads\/sites\/2\/nomadas-digitales-irati-barnean.webp\" class=\"attachment-full size-full wp-image-1640\" alt=\"\" srcset=\"https:\/\/iratibarnean.com\/en\/wp-content\/uploads\/sites\/2\/nomadas-digitales-irati-barnean.webp 1057w, https:\/\/iratibarnean.com\/en\/wp-content\/uploads\/sites\/2\/nomadas-digitales-irati-barnean-300x266.webp 300w, https:\/\/iratibarnean.com\/en\/wp-content\/uploads\/sites\/2\/nomadas-digitales-irati-barnean-1024x908.webp 1024w, https:\/\/iratibarnean.com\/en\/wp-content\/uploads\/sites\/2\/nomadas-digitales-irati-barnean-768x681.webp 768w\" sizes=\"(max-width: 1057px) 100vw, 1057px\" \/><\/div>\n\t\t<\/a>\n\t\t\t\t<div class=\"elementor-post__text\">\n\t\t\t\t<h3 class=\"elementor-post__title\">\n\t\t\t<a href=\"https:\/\/iratibarnean.com\/en\/irati-barnean-uno-de-los-mejores-destinos-para-nomadas-digitales\/\" >\n\t\t\t\tIrati Barnean, uno de los mejores destinos para n\u00f3madas digitales\t\t\t<\/a>\n\t\t<\/h3>\n\t\t\n\t\t<a class=\"elementor-post__read-more\" href=\"https:\/\/iratibarnean.com\/en\/irati-barnean-uno-de-los-mejores-destinos-para-nomadas-digitales\/\" aria-label=\"M\u00e1s informaci\u00f3n sobre Irati Barnean, uno de los mejores destinos para n\u00f3madas digitales\" tabindex=\"-1\" >\n\t\t\tLeer m\u00e1s \u00bb\t\t<\/a>\n\n\t\t\t\t<\/div>\n\t\t\t\t<\/article>\n\t\t\t\t<article class=\"elementor-post elementor-grid-item post-1354 post type-post status-publish format-standard has-post-thumbnail hentry category-posts\" role=\"listitem\">\n\t\t\t\t<a class=\"elementor-post__thumbnail__link\" href=\"https:\/\/iratibarnean.com\/en\/the-ideal-paradise\/\" tabindex=\"-1\" >\n\t\t\t<div class=\"elementor-post__thumbnail\"><img decoding=\"async\" width=\"1920\" height=\"800\" src=\"https:\/\/iratibarnean.com\/en\/wp-content\/uploads\/sites\/2\/imagen_destacada_blog_cabanas.webp\" class=\"attachment-full size-full wp-image-1355\" alt=\"\" srcset=\"https:\/\/iratibarnean.com\/en\/wp-content\/uploads\/sites\/2\/imagen_destacada_blog_cabanas.webp 1920w, https:\/\/iratibarnean.com\/en\/wp-content\/uploads\/sites\/2\/imagen_destacada_blog_cabanas-300x125.webp 300w, https:\/\/iratibarnean.com\/en\/wp-content\/uploads\/sites\/2\/imagen_destacada_blog_cabanas-1024x427.webp 1024w, https:\/\/iratibarnean.com\/en\/wp-content\/uploads\/sites\/2\/imagen_destacada_blog_cabanas-768x320.webp 768w, https:\/\/iratibarnean.com\/en\/wp-content\/uploads\/sites\/2\/imagen_destacada_blog_cabanas-1536x640.webp 1536w\" sizes=\"(max-width: 1920px) 100vw, 1920px\" \/><\/div>\n\t\t<\/a>\n\t\t\t\t<div class=\"elementor-post__text\">\n\t\t\t\t<h3 class=\"elementor-post__title\">\n\t\t\t<a href=\"https:\/\/iratibarnean.com\/en\/the-ideal-paradise\/\" >\n\t\t\t\tThe ideal paradise\t\t\t<\/a>\n\t\t<\/h3>\n\t\t\n\t\t<a class=\"elementor-post__read-more\" href=\"https:\/\/iratibarnean.com\/en\/the-ideal-paradise\/\" aria-label=\"M\u00e1s informaci\u00f3n sobre The ideal paradise\" tabindex=\"-1\" >\n\t\t\tLeer m\u00e1s \u00bb\t\t<\/a>\n\n\t\t\t\t<\/div>\n\t\t\t\t<\/article>\n\t\t\t\t<\/div>\n\t\t\n\t\t\t\t\t\t<\/div>\n\t\t\t\t<\/div>\n\t\t\t\t\t<\/div>\n\t\t\t\t<\/div>\n\t\t\t\t<\/div>\n\t\t","protected":false},"excerpt":{"rendered":"<p>BLOG<\/p>\n","protected":false},"author":1,"featured_media":0,"parent":0,"menu_order":0,"comment_status":"closed","ping_status":"closed","template":"elementor_header_footer","meta":{"_acf_changed":false,"_joinchat":[],"footnotes":""},"class_list":["post-1364","page","type-page","status-publish","hentry"],"acf":[],"yoast_head":"<!-- This site is optimized with the Yoast SEO plugin v27.4 - https:\/\/yoast.com\/product\/yoast-seo-wordpress\/ -->\n<title>Blog - Irati Barnean, Rural accommodation in Navarre<\/title>\n<meta name=\"robots\" content=\"index, follow, max-snippet:-1, max-image-preview:large, max-video-preview:-1\" \/>\n<link rel=\"canonical\" href=\"https:\/\/iratibarnean.com\/en\/blog\/\" \/>\n<meta property=\"og:locale\" content=\"es_ES\" \/>\n<meta property=\"og:type\" content=\"article\" \/>\n<meta property=\"og:title\" content=\"Blog - Irati Barnean, Rural accommodation in Navarre\" \/>\n<meta property=\"og:description\" content=\"BLOG\" \/>\n<meta property=\"og:url\" content=\"https:\/\/iratibarnean.com\/en\/blog\/\" \/>\n<meta property=\"og:site_name\" content=\"Irati Barnean, Rural accommodation in Navarre\" \/>\n<meta property=\"article:modified_time\" content=\"2025-05-21T12:57:34+00:00\" \/>\n<meta name=\"twitter:card\" content=\"summary_large_image\" \/>\n<meta name=\"twitter:label1\" content=\"Tiempo de lectura\" \/>\n\t<meta name=\"twitter:data1\" content=\"1 minuto\" \/>\n<script type=\"application\/ld+json\" class=\"yoast-schema-graph\">{\"@context\":\"https:\\\/\\\/schema.org\",\"@graph\":[{\"@type\":\"WebPage\",\"@id\":\"https:\\\/\\\/iratibarnean.com\\\/en\\\/blog\\\/\",\"url\":\"https:\\\/\\\/iratibarnean.com\\\/en\\\/blog\\\/\",\"name\":\"Blog - Irati Barnean, Rural accommodation in Navarre\",\"isPartOf\":{\"@id\":\"https:\\\/\\\/iratibarnean.com\\\/en\\\/#website\"},\"datePublished\":\"2023-05-05T08:36:49+00:00\",\"dateModified\":\"2025-05-21T12:57:34+00:00\",\"breadcrumb\":{\"@id\":\"https:\\\/\\\/iratibarnean.com\\\/en\\\/blog\\\/#breadcrumb\"},\"inLanguage\":\"es\",\"potentialAction\":[{\"@type\":\"ReadAction\",\"target\":[\"https:\\\/\\\/iratibarnean.com\\\/en\\\/blog\\\/\"]}]},{\"@type\":\"BreadcrumbList\",\"@id\":\"https:\\\/\\\/iratibarnean.com\\\/en\\\/blog\\\/#breadcrumb\",\"itemListElement\":[{\"@type\":\"ListItem\",\"position\":1,\"name\":\"Portada\",\"item\":\"https:\\\/\\\/iratibarnean.com\\\/en\\\/\"},{\"@type\":\"ListItem\",\"position\":2,\"name\":\"Blog\"}]},{\"@type\":\"WebSite\",\"@id\":\"https:\\\/\\\/iratibarnean.com\\\/en\\\/#website\",\"url\":\"https:\\\/\\\/iratibarnean.com\\\/en\\\/\",\"name\":\"Irati Barnean, Rural accommodation in Navarre\",\"description\":\"Web Oficial - Mejor precio Garantizado\",\"publisher\":{\"@id\":\"https:\\\/\\\/iratibarnean.com\\\/en\\\/#organization\"},\"potentialAction\":[{\"@type\":\"SearchAction\",\"target\":{\"@type\":\"EntryPoint\",\"urlTemplate\":\"https:\\\/\\\/iratibarnean.com\\\/en\\\/?s={search_term_string}\"},\"query-input\":{\"@type\":\"PropertyValueSpecification\",\"valueRequired\":true,\"valueName\":\"search_term_string\"}}],\"inLanguage\":\"es\"},{\"@type\":\"Organization\",\"@id\":\"https:\\\/\\\/iratibarnean.com\\\/en\\\/#organization\",\"name\":\"Irati Barnean, Rural accommodation in Navarre\",\"url\":\"https:\\\/\\\/iratibarnean.com\\\/en\\\/\",\"logo\":{\"@type\":\"ImageObject\",\"inLanguage\":\"es\",\"@id\":\"https:\\\/\\\/iratibarnean.com\\\/en\\\/#\\\/schema\\\/logo\\\/image\\\/\",\"url\":\"https:\\\/\\\/iratibarnean.com\\\/en\\\/wp-content\\\/uploads\\\/sites\\\/2\\\/cropped-logo_horizontal_iratibarnean_color.webp\",\"contentUrl\":\"https:\\\/\\\/iratibarnean.com\\\/en\\\/wp-content\\\/uploads\\\/sites\\\/2\\\/cropped-logo_horizontal_iratibarnean_color.webp\",\"width\":800,\"height\":380,\"caption\":\"Irati Barnean, Rural accommodation in Navarre\"},\"image\":{\"@id\":\"https:\\\/\\\/iratibarnean.com\\\/en\\\/#\\\/schema\\\/logo\\\/image\\\/\"}}]}<\/script>\n<!-- \/ Yoast SEO plugin. -->","yoast_head_json":{"title":"Blog - Irati Barnean, Rural accommodation in Navarre","robots":{"index":"index","follow":"follow","max-snippet":"max-snippet:-1","max-image-preview":"max-image-preview:large","max-video-preview":"max-video-preview:-1"},"canonical":"https:\/\/iratibarnean.com\/en\/blog\/","og_locale":"es_ES","og_type":"article","og_title":"Blog - Irati Barnean, Rural accommodation in Navarre","og_description":"BLOG","og_url":"https:\/\/iratibarnean.com\/en\/blog\/","og_site_name":"Irati Barnean, Rural accommodation in Navarre","article_modified_time":"2025-05-21T12:57:34+00:00","twitter_card":"summary_large_image","twitter_misc":{"Tiempo de lectura":"1 minuto"},"schema":{"@context":"https:\/\/schema.org","@graph":[{"@type":"WebPage","@id":"https:\/\/iratibarnean.com\/en\/blog\/","url":"https:\/\/iratibarnean.com\/en\/blog\/","name":"Blog - Irati Barnean, Rural accommodation in Navarre","isPartOf":{"@id":"https:\/\/iratibarnean.com\/en\/#website"},"datePublished":"2023-05-05T08:36:49+00:00","dateModified":"2025-05-21T12:57:34+00:00","breadcrumb":{"@id":"https:\/\/iratibarnean.com\/en\/blog\/#breadcrumb"},"inLanguage":"es","potentialAction":[{"@type":"ReadAction","target":["https:\/\/iratibarnean.com\/en\/blog\/"]}]},{"@type":"BreadcrumbList","@id":"https:\/\/iratibarnean.com\/en\/blog\/#breadcrumb","itemListElement":[{"@type":"ListItem","position":1,"name":"Portada","item":"https:\/\/iratibarnean.com\/en\/"},{"@type":"ListItem","position":2,"name":"Blog"}]},{"@type":"WebSite","@id":"https:\/\/iratibarnean.com\/en\/#website","url":"https:\/\/iratibarnean.com\/en\/","name":"Irati Barnean, Rural accommodation in Navarre","description":"Web Oficial - Mejor precio Garantizado","publisher":{"@id":"https:\/\/iratibarnean.com\/en\/#organization"},"potentialAction":[{"@type":"SearchAction","target":{"@type":"EntryPoint","urlTemplate":"https:\/\/iratibarnean.com\/en\/?s={search_term_string}"},"query-input":{"@type":"PropertyValueSpecification","valueRequired":true,"valueName":"search_term_string"}}],"inLanguage":"es"},{"@type":"Organization","@id":"https:\/\/iratibarnean.com\/en\/#organization","name":"Irati Barnean, Rural accommodation in Navarre","url":"https:\/\/iratibarnean.com\/en\/","logo":{"@type":"ImageObject","inLanguage":"es","@id":"https:\/\/iratibarnean.com\/en\/#\/schema\/logo\/image\/","url":"https:\/\/iratibarnean.com\/en\/wp-content\/uploads\/sites\/2\/cropped-logo_horizontal_iratibarnean_color.webp","contentUrl":"https:\/\/iratibarnean.com\/en\/wp-content\/uploads\/sites\/2\/cropped-logo_horizontal_iratibarnean_color.webp","width":800,"height":380,"caption":"Irati Barnean, Rural accommodation in Navarre"},"image":{"@id":"https:\/\/iratibarnean.com\/en\/#\/schema\/logo\/image\/"}}]}},"_links":{"self":[{"href":"https:\/\/iratibarnean.com\/en\/wp-json\/wp\/v2\/pages\/1364","targetHints":{"allow":["GET"]}}],"collection":[{"href":"https:\/\/iratibarnean.com\/en\/wp-json\/wp\/v2\/pages"}],"about":[{"href":"https:\/\/iratibarnean.com\/en\/wp-json\/wp\/v2\/types\/page"}],"author":[{"embeddable":true,"href":"https:\/\/iratibarnean.com\/en\/wp-json\/wp\/v2\/users\/1"}],"replies":[{"embeddable":true,"href":"https:\/\/iratibarnean.com\/en\/wp-json\/wp\/v2\/comments?post=1364"}],"version-history":[{"count":1,"href":"https:\/\/iratibarnean.com\/en\/wp-json\/wp\/v2\/pages\/1364\/revisions"}],"predecessor-version":[{"id":1649,"href":"https:\/\/iratibarnean.com\/en\/wp-json\/wp\/v2\/pages\/1364\/revisions\/1649"}],"wp:attachment":[{"href":"https:\/\/iratibarnean.com\/en\/wp-json\/wp\/v2\/media?parent=1364"}],"curies":[{"name":"wp","href":"https:\/\/api.w.org\/{rel}","templated":true}]}}